{"id":773,"date":"2019-01-23T16:43:23","date_gmt":"2019-01-23T16:43:23","guid":{"rendered":"https:\/\/trauma.criusmm.net\/a-propos\/"},"modified":"2022-10-08T11:24:19","modified_gmt":"2022-10-08T15:24:19","slug":"about-us","status":"publish","type":"page","link":"https:\/\/trauma.criusmm.net\/en\/about-us\/","title":{"rendered":"About us"},"content":{"rendered":"<p>Affili\u00e9 \u00e0 l&#8217;Institut Universitaire en Sant\u00e9 Mentale de Montr\u00e9al, le Centre d&#8217;\u00c9tude sur le Trauma effectue la recherche pour aider les personnes victimes de traumatisme.<\/p>\n","protected":false},"excerpt":{"rendered":"<p>Affili\u00e9 \u00e0 l&#8217;Institut Universitaire en Sant\u00e9 Mentale de Montr\u00e9al, le Centre d&#8217;\u00c9tude sur le Trauma effectue la recherche pour aider les personnes victimes de traumatisme.<\/p>\n","protected":false},"author":1,"featured_media":668,"parent":0,"menu_order":0,"comment_status":"closed","ping_status":"closed","template":"tpl-about.php","meta":{"_acf_changed":false,"inline_featured_image":false,"footnotes":""},"class_list":["post-773","page","type-page","status-publish","has-post-thumbnail","hentry"],"acf":[],"_links":{"self":[{"href":"https:\/\/trauma.criusmm.net\/en\/wp-json\/wp\/v2\/pages\/773","targetHints":{"allow":["GET"]}}],"collection":[{"href":"https:\/\/trauma.criusmm.net\/en\/wp-json\/wp\/v2\/pages"}],"about":[{"href":"https:\/\/trauma.criusmm.net\/en\/wp-json\/wp\/v2\/types\/page"}],"author":[{"embeddable":true,"href":"https:\/\/trauma.criusmm.net\/en\/wp-json\/wp\/v2\/users\/1"}],"replies":[{"embeddable":true,"href":"https:\/\/trauma.criusmm.net\/en\/wp-json\/wp\/v2\/comments?post=773"}],"version-history":[{"count":0,"href":"https:\/\/trauma.criusmm.net\/en\/wp-json\/wp\/v2\/pages\/773\/revisions"}],"wp:featuredmedia":[{"embeddable":true,"href":"https:\/\/trauma.criusmm.net\/en\/wp-json\/wp\/v2\/media\/668"}],"wp:attachment":[{"href":"https:\/\/trauma.criusmm.net\/en\/wp-json\/wp\/v2\/media?parent=773"}],"curies":[{"name":"wp","href":"https:\/\/api.w.org\/{rel}","templated":true}]}}