{"id":776,"date":"2019-01-24T16:43:25","date_gmt":"2019-01-24T16:43:25","guid":{"rendered":"https:\/\/trauma.criusmm.net\/contact\/"},"modified":"2026-03-12T18:15:14","modified_gmt":"2026-03-12T22:15:14","slug":"contact-us","status":"publish","type":"page","link":"https:\/\/trauma.criusmm.net\/en\/contact-us\/","title":{"rendered":"Contact us"},"content":{"rendered":"<p>Centre d\u2019\u00e9tude sur le trauma<br \/>\nInstitut universitaire en sant\u00e9 mentale de Montr\u00e9al<br \/>\nCentre de recherche<br \/>\nPavillon Fernand Seguin<br \/>\n<a href=\"https:\/\/goo.gl\/maps\/b6mRdLqU8AR2\" target=\"_blank\" rel=\"noopener noreferrer\">7331, rue Hochelaga<br \/>\nMontr\u00e9al (Qu\u00e9bec) H1N 3V2<\/a><\/p>\n<p>T\u00e9l\u00e9phone :\u00a0<a href=\"tel:5142514000\" target=\"_blank\" rel=\"noopener noreferrer\">514 251-4000, poste 3734<\/a><\/p>\n<p>T\u00e9l\u00e9copieur :\u00a0<a href=\"tel:5142514014\" target=\"_blank\" rel=\"noopener noreferrer\">514 251-4014<\/a><\/p>\n<p>Pour toute question ou commentaire, veuillez vous adresser \u00e0 Isabelle Bernier, coordonnatrice du Centre d\u2019\u00e9tude sur le trauma via le formulaire de contact.<\/p>\n","protected":false},"excerpt":{"rendered":"<p>Centre d\u2019\u00e9tude sur le trauma Institut universitaire en sant\u00e9 mentale de Montr\u00e9al Centre de recherche Pavillon Fernand Seguin 7331, rue Hochelaga Montr\u00e9al (Qu\u00e9bec) H1N 3V2 T\u00e9l\u00e9phone :\u00a0514 251-4000, poste 3734 T\u00e9l\u00e9copieur :\u00a0514 251-4014 Pour toute question ou commentaire, veuillez vous adresser \u00e0 Isabelle Bernier, coordonnatrice du Centre d\u2019\u00e9tude sur le trauma via le formulaire de [&hellip;]<\/p>\n","protected":false},"author":1,"featured_media":0,"parent":0,"menu_order":0,"comment_status":"closed","ping_status":"closed","template":"tpl-contact.php","meta":{"_acf_changed":false,"inline_featured_image":false,"footnotes":""},"class_list":["post-776","page","type-page","status-publish","hentry"],"acf":[],"_links":{"self":[{"href":"https:\/\/trauma.criusmm.net\/en\/wp-json\/wp\/v2\/pages\/776","targetHints":{"allow":["GET"]}}],"collection":[{"href":"https:\/\/trauma.criusmm.net\/en\/wp-json\/wp\/v2\/pages"}],"about":[{"href":"https:\/\/trauma.criusmm.net\/en\/wp-json\/wp\/v2\/types\/page"}],"author":[{"embeddable":true,"href":"https:\/\/trauma.criusmm.net\/en\/wp-json\/wp\/v2\/users\/1"}],"replies":[{"embeddable":true,"href":"https:\/\/trauma.criusmm.net\/en\/wp-json\/wp\/v2\/comments?post=776"}],"version-history":[{"count":0,"href":"https:\/\/trauma.criusmm.net\/en\/wp-json\/wp\/v2\/pages\/776\/revisions"}],"wp:attachment":[{"href":"https:\/\/trauma.criusmm.net\/en\/wp-json\/wp\/v2\/media?parent=776"}],"curies":[{"name":"wp","href":"https:\/\/api.w.org\/{rel}","templated":true}]}}